{"id":36,"date":"2012-07-06T22:15:42","date_gmt":"2012-07-06T22:15:42","guid":{"rendered":"http:\/\/lenawennlund.se\/?page_id=36"},"modified":"2013-07-03T22:12:18","modified_gmt":"2013-07-03T22:12:18","slug":"utbildning","status":"publish","type":"page","link":"https:\/\/lenawennlund.se\/?page_id=36","title":{"rendered":"Utbildning"},"content":{"rendered":"<h2>Utbildning<\/h2>\n<p><a href=\"http:\/\/lenawennlund.se\/wp-content\/uploads\/2012\/07\/iStock_000017442357_Small_cut21.jpg\"><img loading=\"lazy\" class=\"alignright  wp-image-274\" title=\"Linum usitatissimum flowers\" src=\"http:\/\/lenawennlund.se\/wp-content\/uploads\/2012\/07\/iStock_000017442357_Small_cut21-189x300.jpg\" alt=\"\" width=\"170\" height=\"270\" srcset=\"https:\/\/lenawennlund.se\/wp-content\/uploads\/2012\/07\/iStock_000017442357_Small_cut21-189x300.jpg 189w, https:\/\/lenawennlund.se\/wp-content\/uploads\/2012\/07\/iStock_000017442357_Small_cut21.jpg 281w\" sizes=\"(max-width: 170px) 100vw, 170px\" \/><\/a>Riktade utbildningar planeras och l\u00e4ggs upp utifr\u00e5n den best\u00e4llande klientens \u00f6nskan och s\u00e4rskilda behov. Det kan handla om ett l\u00e4rande om gruppens potential i behandlingsarbete eller i personalgrupper. Det kan ocks\u00e5 vara f\u00f6rel\u00e4sningsuppdrag, seminarier, workshops med inriktning mot grupputveckling.<\/p>\n","protected":false},"excerpt":{"rendered":"<p>Utbildning Riktade utbildningar planeras och l\u00e4ggs upp utifr\u00e5n den best\u00e4llande klientens \u00f6nskan och s\u00e4rskilda behov. Det kan handla om ett l\u00e4rande om gruppens potential i behandlingsarbete eller i personalgrupper. Det kan ocks\u00e5 vara f\u00f6rel\u00e4sningsuppdrag, seminarier, workshops med inriktning mot grupputveckling.<\/p>\n","protected":false},"author":1,"featured_media":0,"parent":0,"menu_order":9,"comment_status":"closed","ping_status":"closed","template":"","meta":[],"_links":{"self":[{"href":"https:\/\/lenawennlund.se\/index.php?rest_route=\/wp\/v2\/pages\/36"}],"collection":[{"href":"https:\/\/lenawennlund.se\/index.php?rest_route=\/wp\/v2\/pages"}],"about":[{"href":"https:\/\/lenawennlund.se\/index.php?rest_route=\/wp\/v2\/types\/page"}],"author":[{"embeddable":true,"href":"https:\/\/lenawennlund.se\/index.php?rest_route=\/wp\/v2\/users\/1"}],"replies":[{"embeddable":true,"href":"https:\/\/lenawennlund.se\/index.php?rest_route=%2Fwp%2Fv2%2Fcomments&post=36"}],"version-history":[{"count":7,"href":"https:\/\/lenawennlund.se\/index.php?rest_route=\/wp\/v2\/pages\/36\/revisions"}],"predecessor-version":[{"id":275,"href":"https:\/\/lenawennlund.se\/index.php?rest_route=\/wp\/v2\/pages\/36\/revisions\/275"}],"wp:attachment":[{"href":"https:\/\/lenawennlund.se\/index.php?rest_route=%2Fwp%2Fv2%2Fmedia&parent=36"}],"curies":[{"name":"wp","href":"https:\/\/api.w.org\/{rel}","templated":true}]}}