{"id":32,"date":"2012-07-06T22:14:54","date_gmt":"2012-07-06T22:14:54","guid":{"rendered":"http:\/\/lenawennlund.se\/?page_id=32"},"modified":"2013-07-11T12:12:53","modified_gmt":"2013-07-11T12:12:53","slug":"coaching","status":"publish","type":"page","link":"https:\/\/lenawennlund.se\/?page_id=32","title":{"rendered":"Coaching"},"content":{"rendered":"<h2>Coaching<\/h2>\n<p>\u2013 Av chefer inom privat eller offentlig verksamhet \u2013<\/p>\n<p>Coachning \u00e4r ett s\u00e4tt att f\u00e5 hj\u00e4lp f\u00f6r att lyfta blicken, \u00f6ppna \u00f6gonen och se<a href=\"http:\/\/lenawennlund.se\/wp-content\/uploads\/2012\/07\/iStock_000017442357_Small_cut.jpg\"><img loading=\"lazy\" class=\"alignright  wp-image-259\" title=\"Linum usitatissimum flowers\" src=\"http:\/\/lenawennlund.se\/wp-content\/uploads\/2012\/07\/iStock_000017442357_Small_cut-247x300.jpg\" alt=\"\" width=\"178\" height=\"216\" srcset=\"https:\/\/lenawennlund.se\/wp-content\/uploads\/2012\/07\/iStock_000017442357_Small_cut-247x300.jpg 247w, https:\/\/lenawennlund.se\/wp-content\/uploads\/2012\/07\/iStock_000017442357_Small_cut.jpg 407w\" sizes=\"(max-width: 178px) 100vw, 178px\" \/><\/a><\/p>\n<p>I sin egen organisation blir man l\u00e4tt \u201dhemmablind\u201d. Coachning \u00e4r ett s\u00e4tt att uppt\u00e4cka och f\u00e5 nya perspektiv. Det \u00e4r ett samarbete mellan coach och klient, med syfte att frig\u00f6ra klientens m\u00f6jligheter och maximera\/underl\u00e4tta dennes prestation. Coachning \u00e4r ett s\u00e4tt att synligg\u00f6ra, ta vara p\u00e5 och utveckla det som redan finns genom vision och m\u00e5lformulering, liksom synligg\u00f6rande av hinder. Det ges tillf\u00e4lle till att uppr\u00e4tta handlingsplan, \u00e5terkoppling, uppf\u00f6ljning och utv\u00e4rdering. H\u00e4r ligger framtiden i blickf\u00e5nget, inte det f\u00f6rflutna. Fokus \u00e4r p\u00e5 fr\u00e5gan \u201dHur skall jag uppn\u00e5 mina m\u00e5l?\u201d snarare \u00e4n p\u00e5 \u201dVad\/hur har jag gjort?\u201d.<\/p>\n","protected":false},"excerpt":{"rendered":"<p>Coaching \u2013 Av chefer inom privat eller offentlig verksamhet \u2013 Coachning \u00e4r ett s\u00e4tt att f\u00e5 hj\u00e4lp f\u00f6r att lyfta blicken, \u00f6ppna \u00f6gonen och se I sin egen organisation blir man l\u00e4tt \u201dhemmablind\u201d. Coachning \u00e4r ett s\u00e4tt att uppt\u00e4cka och f\u00e5 nya perspektiv. Det \u00e4r ett samarbete mellan coach och klient, med syfte att frig\u00f6ra [&hellip;]<\/p>\n","protected":false},"author":1,"featured_media":0,"parent":0,"menu_order":7,"comment_status":"closed","ping_status":"closed","template":"","meta":[],"_links":{"self":[{"href":"https:\/\/lenawennlund.se\/index.php?rest_route=\/wp\/v2\/pages\/32"}],"collection":[{"href":"https:\/\/lenawennlund.se\/index.php?rest_route=\/wp\/v2\/pages"}],"about":[{"href":"https:\/\/lenawennlund.se\/index.php?rest_route=\/wp\/v2\/types\/page"}],"author":[{"embeddable":true,"href":"https:\/\/lenawennlund.se\/index.php?rest_route=\/wp\/v2\/users\/1"}],"replies":[{"embeddable":true,"href":"https:\/\/lenawennlund.se\/index.php?rest_route=%2Fwp%2Fv2%2Fcomments&post=32"}],"version-history":[{"count":12,"href":"https:\/\/lenawennlund.se\/index.php?rest_route=\/wp\/v2\/pages\/32\/revisions"}],"predecessor-version":[{"id":284,"href":"https:\/\/lenawennlund.se\/index.php?rest_route=\/wp\/v2\/pages\/32\/revisions\/284"}],"wp:attachment":[{"href":"https:\/\/lenawennlund.se\/index.php?rest_route=%2Fwp%2Fv2%2Fmedia&parent=32"}],"curies":[{"name":"wp","href":"https:\/\/api.w.org\/{rel}","templated":true}]}}