{"id":28,"date":"2012-07-06T22:13:47","date_gmt":"2012-07-06T22:13:47","guid":{"rendered":"http:\/\/lenawennlund.se\/?page_id=28"},"modified":"2013-08-02T00:21:46","modified_gmt":"2013-08-02T00:21:46","slug":"psykoterapi","status":"publish","type":"page","link":"https:\/\/lenawennlund.se\/?page_id=28","title":{"rendered":"Psykoterapi"},"content":{"rendered":"<h2>Psykoterapi<\/h2>\n<p>Samtal med n\u00e5gon utomst\u00e5ende kan vara till stor hj\u00e4lp i olika situationer i livet. Man kanske har sv\u00e5rt att k\u00e4nna sig tillfreds med sig sj\u00e4lv och sitt liv. Det kan \u00e4ven vara en k\u00e4nsla av att aldrig riktigt k\u00e4nna sig glad eller n\u00f6jd med det liv man lever. Det kan ocks\u00e5 handla om starka k\u00e4nslom\u00e4ssiga reaktioner, som \u00e5ngest och depression.<\/p>\n<p>I en psykoterapi f\u00e5r man hj\u00e4lp med att sortera de tankar och k\u00e4nslor man har. Det \u00e4r genom att l\u00e4ra k\u00e4nna sig sj\u00e4lv b\u00e4ttre och f\u00e5 hj\u00e4lp att f\u00f6rst\u00e5 hur man fungerar i olika sammanhang, som man ocks\u00e5 kan f\u00f6r\u00e4ndra det som inte har varit bra. I en psykodynamisk psykoterapi utforskar man sina k\u00e4nslor och hur man kommunicerar dem i relationer. Sj\u00e4lva relationen till psykoterapeuten blir d\u00e4rf\u00f6r viktig i sig. I den kan man f\u00e5 nya k\u00e4nslom\u00e4ssiga erfarenheter, som i sin tur ger st\u00f6d till att utvecklas i relation till andra.<\/p>\n<p>Tillsammans med psykoterapeuten kommer man inledningsvis \u00f6verens om syfte och m\u00e5ls\u00e4ttning med en psykoterapi. Vilka problem \u00e4r viktiga att fokusera p\u00e5? Hur ofta och under hur l\u00e5ng tid ska psykoterapin p\u00e5g\u00e5? Samtalen sker naturligtvis under sekretess.<\/p>\n<p>&nbsp;<\/p>\n<p><strong>L\u00e4s mer: <\/strong><a title=\"Samr\u00e5dsforum | Psykodynamiskterapi\" href=\"http:\/\/www.samradsforum.se\/dynamiskterapi.htm\" target=\"_blank\">Samr\u00e5dsforum | Psykodynamiskterapi<\/a><\/p>\n<p>&nbsp;<\/p>\n","protected":false},"excerpt":{"rendered":"<p>Psykoterapi Samtal med n\u00e5gon utomst\u00e5ende kan vara till stor hj\u00e4lp i olika situationer i livet. Man kanske har sv\u00e5rt att k\u00e4nna sig tillfreds med sig sj\u00e4lv och sitt liv. Det kan \u00e4ven vara en k\u00e4nsla av att aldrig riktigt k\u00e4nna sig glad eller n\u00f6jd med det liv man lever. Det kan ocks\u00e5 handla om starka [&hellip;]<\/p>\n","protected":false},"author":1,"featured_media":0,"parent":0,"menu_order":5,"comment_status":"closed","ping_status":"closed","template":"","meta":[],"_links":{"self":[{"href":"https:\/\/lenawennlund.se\/index.php?rest_route=\/wp\/v2\/pages\/28"}],"collection":[{"href":"https:\/\/lenawennlund.se\/index.php?rest_route=\/wp\/v2\/pages"}],"about":[{"href":"https:\/\/lenawennlund.se\/index.php?rest_route=\/wp\/v2\/types\/page"}],"author":[{"embeddable":true,"href":"https:\/\/lenawennlund.se\/index.php?rest_route=\/wp\/v2\/users\/1"}],"replies":[{"embeddable":true,"href":"https:\/\/lenawennlund.se\/index.php?rest_route=%2Fwp%2Fv2%2Fcomments&post=28"}],"version-history":[{"count":13,"href":"https:\/\/lenawennlund.se\/index.php?rest_route=\/wp\/v2\/pages\/28\/revisions"}],"predecessor-version":[{"id":302,"href":"https:\/\/lenawennlund.se\/index.php?rest_route=\/wp\/v2\/pages\/28\/revisions\/302"}],"wp:attachment":[{"href":"https:\/\/lenawennlund.se\/index.php?rest_route=%2Fwp%2Fv2%2Fmedia&parent=28"}],"curies":[{"name":"wp","href":"https:\/\/api.w.org\/{rel}","templated":true}]}}